{"id":12,"date":"2024-03-05T23:45:57","date_gmt":"2024-03-05T22:45:57","guid":{"rendered":"https:\/\/fmrexpert.fr\/?page_id=12"},"modified":"2024-03-15T11:18:22","modified_gmt":"2024-03-15T10:18:22","slug":"a-propos","status":"publish","type":"page","link":"https:\/\/fmrexpert.fr\/index.php\/a-propos\/","title":{"rendered":"A propos"},"content":{"rendered":"\n<div class=\"wp-block-cover alignfull\" style=\"margin-top:0;margin-bottom:0;padding-top:0px;padding-bottom:80px;min-height:300px\"><span aria-hidden=\"true\" class=\"wp-block-cover__background has-background-dim-40 has-background-dim\" style=\"background-color:#080808\"><\/span><img loading=\"lazy\" decoding=\"async\" width=\"1707\" height=\"2560\" class=\"wp-block-cover__image-background wp-image-95\" alt=\"\" src=\"https:\/\/fmrexpert.fr\/wp-content\/uploads\/2024\/03\/krakenimages-Y5bvRlcCx8k-unsplash-scaled.jpg\" data-object-fit=\"cover\" srcset=\"https:\/\/fmrexpert.fr\/wp-content\/uploads\/2024\/03\/krakenimages-Y5bvRlcCx8k-unsplash-scaled.jpg 1707w, https:\/\/fmrexpert.fr\/wp-content\/uploads\/2024\/03\/krakenimages-Y5bvRlcCx8k-unsplash-200x300.jpg 200w, https:\/\/fmrexpert.fr\/wp-content\/uploads\/2024\/03\/krakenimages-Y5bvRlcCx8k-unsplash-683x1024.jpg 683w, https:\/\/fmrexpert.fr\/wp-content\/uploads\/2024\/03\/krakenimages-Y5bvRlcCx8k-unsplash-768x1152.jpg 768w, https:\/\/fmrexpert.fr\/wp-content\/uploads\/2024\/03\/krakenimages-Y5bvRlcCx8k-unsplash-1024x1536.jpg 1024w, https:\/\/fmrexpert.fr\/wp-content\/uploads\/2024\/03\/krakenimages-Y5bvRlcCx8k-unsplash-1365x2048.jpg 1365w\" sizes=\"(max-width: 1707px) 100vw, 1707px\" \/><div class=\"wp-block-cover__inner-container has-global-padding is-layout-constrained wp-container-core-cover-layout-1 wp-block-cover-is-layout-constrained\">\n<div style=\"height:150px\" aria-hidden=\"true\" class=\"wp-block-spacer\"><\/div>\n\n\n\n<h1 class=\"wp-block-heading has-text-align-center has-text-color has-link-color has-suranna-font-family wp-elements-5460fa268c71ba101e3b24438f551808\" style=\"color:#ffffff;font-size:clamp(38.682px, 2.418rem + ((1vw - 3.2px) * 3.786), 72px);font-style:normal;font-weight:500\">Des experts de confiance<\/h1>\n<\/div><\/div>\n\n\n\n<div class=\"wp-block-group alignfull has-background has-global-padding is-layout-constrained wp-block-group-is-layout-constrained\" style=\"background-color:#fff3ea;margin-top:0px;margin-bottom:0px;padding-top:70px;padding-right:20px;padding-bottom:70px;padding-left:20px\">\n<h2 class=\"wp-block-heading has-text-align-center has-text-color has-link-color wp-elements-71841e31f5ee79a10fb769af2bfbdd76\" style=\"color:#bb2727;font-size:clamp(17.905px, 1.119rem + ((1vw - 3.2px) * 1.147), 28px);\"><strong>Votre comptabilit\u00e9 \u00e0 partir de 180\u20ac HT\/mois<\/strong><\/h2>\n\n\n\n<p class=\"has-text-align-center\" style=\"font-size:clamp(17.371px, 1.086rem + ((1vw - 3.2px) * 1.094), 27px);\">!!<strong>Les 3 premiers mois sont offerts<\/strong>!!<\/p>\n\n\n\n<h2 class=\"wp-block-heading has-text-align-center has-text-color has-link-color has-medium-font-size wp-elements-b15cf403ee9c8e065aa3d48adc0785e2\" style=\"color:#bb2727\">Nous prenons en charge vos \u00e9ventuels frais de r\u00e9siliation<\/h2>\n<\/div>\n\n\n\n<section class=\"wp-block-group alignfull has-global-padding is-layout-constrained wp-container-core-group-layout-2 wp-block-group-is-layout-constrained\" style=\"margin-top:0px;padding-top:6rem;padding-right:1rem;padding-bottom:5rem;padding-left:1rem;font-size:clamp(0.875rem, 0.875rem + ((1vw - 0.2rem) * 0.464), 1.13rem);font-style:normal;font-weight:400;line-height:1.4\">\n<div class=\"wp-block-columns is-layout-flex wp-container-core-columns-layout-1 wp-block-columns-is-layout-flex\" style=\"margin-bottom:0px\">\n<div class=\"wp-block-column is-vertically-aligned-center is-layout-flow wp-block-column-is-layout-flow\" style=\"flex-basis:50%\">\n<figure class=\"wp-block-image alignleft size-full\"><img loading=\"lazy\" decoding=\"async\" width=\"2560\" height=\"1707\" src=\"https:\/\/fmrexpert.fr\/wp-content\/uploads\/2024\/03\/micheile-henderson-SoT4-mZhyhE-unsplash-scaled.jpg\" alt=\"\" class=\"wp-image-98\" style=\"aspect-ratio:1;object-fit:cover\" srcset=\"https:\/\/fmrexpert.fr\/wp-content\/uploads\/2024\/03\/micheile-henderson-SoT4-mZhyhE-unsplash-scaled.jpg 2560w, https:\/\/fmrexpert.fr\/wp-content\/uploads\/2024\/03\/micheile-henderson-SoT4-mZhyhE-unsplash-300x200.jpg 300w, https:\/\/fmrexpert.fr\/wp-content\/uploads\/2024\/03\/micheile-henderson-SoT4-mZhyhE-unsplash-1024x683.jpg 1024w, https:\/\/fmrexpert.fr\/wp-content\/uploads\/2024\/03\/micheile-henderson-SoT4-mZhyhE-unsplash-768x512.jpg 768w, https:\/\/fmrexpert.fr\/wp-content\/uploads\/2024\/03\/micheile-henderson-SoT4-mZhyhE-unsplash-1536x1024.jpg 1536w, https:\/\/fmrexpert.fr\/wp-content\/uploads\/2024\/03\/micheile-henderson-SoT4-mZhyhE-unsplash-2048x1365.jpg 2048w\" sizes=\"(max-width: 2560px) 100vw, 2560px\" \/><\/figure>\n<\/div>\n\n\n\n<div class=\"wp-block-column is-vertically-aligned-center has-global-padding is-layout-constrained wp-container-core-column-layout-2 wp-block-column-is-layout-constrained\" style=\"flex-basis:50%\">\n<h3 class=\"wp-block-heading has-text-align-left has-text-color has-suranna-font-family\" style=\"color:#000000;margin-top:0.5rem;margin-bottom:0rem;font-size:clamp(24.034px, 1.502rem + ((1vw - 3.2px) * 1.814), 40px);font-style:normal;font-weight:500;letter-spacing:0px;line-height:1.3\">Notre engagement envers votre croissance<\/h3>\n\n\n\n<p class=\"has-text-align-left has-text-color has-pontano-sans-font-family\" style=\"color:#000000;margin-top:20px;margin-bottom:20px;font-size:clamp(14px, 0.875rem + ((1vw - 3.2px) * 0.455), 18px);font-style:normal;font-weight:400;line-height:1.5\">Chez FMR Expert, nous nous engageons \u00e0 guider les travailleurs ind\u00e9pendants et les entreprises vers le succ\u00e8s. En tant que partenaire strat\u00e9gique, nous nous engageons \u00e0 r\u00e9pondre \u00e0 vos pr\u00e9occupations quotidiennes, \u00e0 optimiser la fiscalit\u00e9 et \u00e0 fournir des analyses pr\u00e9cises pour \u00e9clairer la prise de d\u00e9cision. Notre d\u00e9termination in\u00e9branlable \u00e0 soutenir votre d\u00e9veloppement fait de nous une ressource fiable pour la croissance de votre entreprise.<\/p>\n<\/div>\n<\/div>\n<\/section>\n\n\n\n<div class=\"wp-block-cover alignfull is-light\" style=\"padding-top:6rem;padding-bottom:6rem\"><span aria-hidden=\"true\" class=\"wp-block-cover__background has-background-dim-10 has-background-dim\" style=\"background-color:#e27013\"><\/span><div class=\"wp-block-cover__inner-container has-global-padding is-layout-constrained wp-container-core-cover-layout-2 wp-block-cover-is-layout-constrained\">\n<h2 class=\"wp-block-heading has-text-align-center has-text-color has-link-color has-suranna-font-family wp-elements-4f8eadeba632b66e6e492691e048b084\" style=\"color:#000000;font-size:clamp(24.034px, 1.502rem + ((1vw - 3.2px) * 1.814), 40px);font-style:normal;font-weight:500;letter-spacing:1px\">Notre parcours vers l\u2019excellence<\/h2>\n\n\n\n<p class=\"has-text-align-center has-text-color has-link-color wp-elements-a8bb95385c978b6a4ad035f7ee8f676b\" style=\"color:#000000;font-size:clamp(14px, 0.875rem + ((1vw - 3.2px) * 0.455), 18px);\">Chez FMR Expert, notre parcours a \u00e9t\u00e9 d\u00e9fini par une recherche incessante de l\u2019excellence dans l\u2019accompagnement et le soutien des travailleurs et des entreprises ind\u00e9pendants. L\u02bcexpertise et l\u02bcengagement ind\u00e9fectible de notre \u00e9quipe nous ont propuls\u00e9s \u00e0 devenir un partenaire strat\u00e9gique de confiance pour nos clients. Nous avons relev\u00e9 des d\u00e9fis, c\u00e9l\u00e9br\u00e9 des victoires et fourni constamment des conseils exceptionnels, une optimisation fiscale et des analyses pr\u00e9cises pour permettre une prise de d\u00e9cision \u00e9clair\u00e9e. Ce parcours a consolid\u00e9 notre position en tant que ressource fiable d\u00e9di\u00e9e \u00e0 favoriser la croissance et le succ\u00e8s de chaque entreprise avec laquelle nous travaillons.<\/p>\n\n\n\n<p><\/p>\n\n\n\n<p><\/p>\n\n\n\n<div class=\"wp-block-buttons is-horizontal is-content-justification-right is-layout-flex wp-container-core-buttons-layout-1 wp-block-buttons-is-layout-flex\" style=\"margin-top:0.51rem\">\n<div class=\"wp-block-button has-custom-width wp-block-button__width-100 has-custom-font-size is-style-fill\" style=\"font-size:clamp(0.875rem, 0.875rem + ((1vw - 0.2rem) * 0.245), 1.01rem);font-style:normal;font-weight:600;line-height:1.5;text-transform:capitalize\"><a class=\"wp-block-button__link has-text-color has-background wp-element-button\" href=\"https:\/\/fmrexpert.fr\/index.php\/contact\/\" style=\"border-style:none;border-width:0px;border-radius:0rem;color:#fffffd;background-color:#12aae3;padding-top:0.71rem;padding-right:0.31rem;padding-bottom:0.71rem;padding-left:0.31rem\">D\u00e9marrez<\/a><\/div>\n<\/div>\n<\/div><\/div>\n\n\n\n<section class=\"wp-block-group alignfull has-global-padding is-layout-constrained wp-container-core-group-layout-3 wp-block-group-is-layout-constrained\" style=\"margin-top:0px;padding-top:6rem;padding-right:1rem;padding-bottom:6rem;padding-left:1rem;font-size:clamp(0.875rem, 0.875rem + ((1vw - 0.2rem) * 0.464), 1.13rem);font-style:normal;font-weight:400;line-height:1.4\">\n<div class=\"wp-block-columns is-layout-flex wp-container-core-columns-layout-2 wp-block-columns-is-layout-flex\" style=\"margin-bottom:0px\">\n<div class=\"wp-block-column is-vertically-aligned-center has-global-padding is-layout-constrained wp-container-core-column-layout-3 wp-block-column-is-layout-constrained\" style=\"flex-basis:50%\">\n<h3 class=\"wp-block-heading has-text-align-left has-text-color has-suranna-font-family\" style=\"color:#010101;margin-top:0.5rem;margin-bottom:0rem;font-size:clamp(24.034px, 1.502rem + ((1vw - 3.2px) * 1.814), 40px);font-style:normal;font-weight:500;letter-spacing:0px;line-height:1.3\">Notre approche<\/h3>\n\n\n\n<p class=\"has-text-align-left has-text-color has-pontano-sans-font-family\" style=\"color:#010101;margin-top:20px;margin-bottom:20px;font-size:clamp(14px, 0.875rem + ((1vw - 3.2px) * 0.455), 18px);font-style:normal;font-weight:400;line-height:1.5\">Chez FMR Expert, notre approche est centr\u00e9e sur l\u2019autonomisation de votre entreprise avec des conseils personnalis\u00e9s et des informations strat\u00e9giques <strong>cibl\u00e9es<\/strong>. Nous nous engageons \u00e0 comprendre vos besoins uniques, \u00e0 optimiser les strat\u00e9gies fiscales et \u00e0 fournir des analyses financi\u00e8res pr\u00e9cises pour \u00e9clairer la voie vers la croissance. En mettant l\u2019accent sur un soutien proactif et un d\u00e9vouement in\u00e9branlable, nous nous engageons \u00e0 \u00eatre votre partenaire de confiance pour atteindre un succ\u00e8s durable.<\/p>\n\n\n\n<div class=\"wp-block-buttons is-horizontal is-content-justification-left is-layout-flex wp-container-core-buttons-layout-2 wp-block-buttons-is-layout-flex\" style=\"margin-top:0.51rem\"><\/div>\n<\/div>\n\n\n\n<div class=\"wp-block-column is-vertically-aligned-center is-layout-flow wp-block-column-is-layout-flow\" style=\"flex-basis:50%\">\n<figure class=\"wp-block-image alignright size-full has-custom-border\"><img loading=\"lazy\" decoding=\"async\" width=\"1920\" height=\"2560\" src=\"https:\/\/fmrexpert.fr\/wp-content\/uploads\/2024\/03\/afif-ramdhasuma-jl4BQJs87Do-unsplash-scaled.jpg\" alt=\"\" class=\"has-border-color has-tertiary-border-color wp-image-99\" style=\"border-width:1px;aspect-ratio:1;object-fit:cover\" srcset=\"https:\/\/fmrexpert.fr\/wp-content\/uploads\/2024\/03\/afif-ramdhasuma-jl4BQJs87Do-unsplash-scaled.jpg 1920w, https:\/\/fmrexpert.fr\/wp-content\/uploads\/2024\/03\/afif-ramdhasuma-jl4BQJs87Do-unsplash-225x300.jpg 225w, https:\/\/fmrexpert.fr\/wp-content\/uploads\/2024\/03\/afif-ramdhasuma-jl4BQJs87Do-unsplash-768x1024.jpg 768w, https:\/\/fmrexpert.fr\/wp-content\/uploads\/2024\/03\/afif-ramdhasuma-jl4BQJs87Do-unsplash-1152x1536.jpg 1152w, https:\/\/fmrexpert.fr\/wp-content\/uploads\/2024\/03\/afif-ramdhasuma-jl4BQJs87Do-unsplash-1536x2048.jpg 1536w\" sizes=\"(max-width: 1920px) 100vw, 1920px\" \/><\/figure>\n<\/div>\n<\/div>\n<\/section>\n\n\n\n<div class=\"wp-block-group alignfull has-background has-global-padding is-layout-constrained wp-block-group-is-layout-constrained\" style=\"background-color:#fcf9f5;margin-top:0;margin-bottom:0;padding-top:6rem;padding-right:1rem;padding-bottom:4rem;padding-left:1rem\">\n<div class=\"wp-block-group alignwide has-global-padding is-layout-constrained wp-block-group-is-layout-constrained\" style=\"padding-bottom:2rem\">\n<h2 class=\"wp-block-heading has-text-align-center has-text-color\" style=\"color:#3e3e3e;font-size:clamp(1.453rem, 1.453rem + ((1vw - 0.2rem) * 1.722), 2.4rem);font-style:normal;font-weight:400;text-transform:capitalize\">Notre expertise, votre avantage<font _mstmutation=\"1\"><\/font><\/h2>\n<\/div>\n\n\n\n<div class=\"wp-block-group alignwide has-global-padding is-layout-constrained wp-container-core-group-layout-5 wp-block-group-is-layout-constrained\">\n<div class=\"wp-block-columns alignwide is-layout-flex wp-container-core-columns-layout-3 wp-block-columns-is-layout-flex\">\n<div class=\"wp-block-column is-layout-flow wp-container-core-column-layout-5 wp-block-column-is-layout-flow\" style=\"padding-right:1rem;padding-bottom:2rem;padding-left:1rem\">\n<h3 class=\"wp-block-heading has-text-align-center has-text-color has-link-color wp-elements-e32c8490e02188116a03d86ea7b18924\" style=\"color:#3e3e3e;font-size:clamp(1.502rem, 1.502rem + ((1vw - 0.2rem) * 1.815), 2.5rem);font-style:normal;font-weight:400\"><font _mstmutation=\"1\" _msttexthash=\"4459\" _msthash=\"670\">1<\/font><font _mstmutation=\"1\" _msttexthash=\"9360\" _msthash=\"672\">0<\/font>0<font _mstmutation=\"1\"><\/font><\/h3>\n\n\n\n<p class=\"has-text-align-center\"><strong>Partenaire strat\u00e9gique<\/strong><font _mstmutation=\"1\"><\/font><\/p>\n\n\n\n<p class=\"has-text-align-center has-text-color has-link-color wp-elements-ffe68da6a31c8289eb38d2ff398102f8\" style=\"color:#3e3e3e;font-size:clamp(0.875rem, 0.875rem + ((1vw - 0.2rem) * 0.464), 1.13rem);\"><font _mstmutation=\"1\" _msttexthash=\"3278171\" _msthash=\"1262\">Plus de 100 clients nous font d\u00e9j\u00e0 confiance dans la r\u00e9gion marseillaise<\/font><font _mstmutation=\"1\"><\/font><\/p>\n<\/div>\n\n\n\n<div class=\"wp-block-column is-layout-flow wp-container-core-column-layout-6 wp-block-column-is-layout-flow\" style=\"padding-right:1rem;padding-bottom:2rem;padding-left:1rem\">\n<h3 class=\"wp-block-heading has-text-align-center has-text-color has-link-color wp-elements-e632081da125136da332f378b4b26664\" style=\"color:#3e3e3e;font-size:clamp(1.502rem, 1.502rem + ((1vw - 0.2rem) * 1.815), 2.5rem);font-style:normal;font-weight:400\">24\/7<\/h3>\n\n\n\n<h3 class=\"wp-block-heading has-text-align-center has-text-color has-link-color wp-elements-e72348faf3c0166a6139117c5433a731\" style=\"color:#3e3e3e;font-size:clamp(0.875rem, 0.875rem + ((1vw - 0.2rem) * 0.773), 1.3rem);font-style:normal;font-weight:500\"><strong>Disponibilit\u00e9<\/strong><\/h3>\n\n\n\n<p class=\"has-text-align-center has-text-color has-link-color wp-elements-214201871478f5599c8a33a85f906910\" style=\"color:#3e3e3e;font-size:clamp(0.875rem, 0.875rem + ((1vw - 0.2rem) * 0.464), 1.13rem);\">Acc\u00e9dez \u00e0 notre assistance 24h\/24 et 7j\/7 pour des conseils d\u2019experts et des analyses pr\u00e9cises pour vous aider \u00e0 prendre des d\u00e9cisions.<\/p>\n<\/div>\n\n\n\n<div class=\"wp-block-column is-layout-flow wp-container-core-column-layout-7 wp-block-column-is-layout-flow\" style=\"padding-right:1rem;padding-bottom:2rem;padding-left:1rem\">\n<h3 class=\"wp-block-heading has-text-align-center has-text-color has-link-color wp-elements-31f0666618d66cc4d4ce4c103340c247\" style=\"color:#3e3e3e;font-size:clamp(1.502rem, 1.502rem + ((1vw - 0.2rem) * 1.815), 2.5rem);font-style:normal;font-weight:400\">100%<\/h3>\n\n\n\n<h3 class=\"wp-block-heading has-text-align-center has-text-color has-link-color wp-elements-991deb8992e812025ce3d8d927ae1bfe\" style=\"color:#3e3e3e;font-size:clamp(0.875rem, 0.875rem + ((1vw - 0.2rem) * 0.773), 1.3rem);font-style:normal;font-weight:500\"><strong>Ressource fiable<\/strong><\/h3>\n\n\n\n<p class=\"has-text-align-center has-text-color has-link-color wp-elements-8fa3112bafeca0b9f46fd69abefd6a7f\" style=\"color:#3e3e3e;font-size:clamp(0.875rem, 0.875rem + ((1vw - 0.2rem) * 0.464), 1.13rem);\">Fiez-vous \u00e0 notre engagement \u00e0 100 % pour soutenir le d\u00e9veloppement et la croissance de votre entreprise gr\u00e2ce \u00e0 une expertise fiable.<\/p>\n<\/div>\n<\/div>\n<\/div>\n<\/div>\n","protected":false},"excerpt":{"rendered":"<p>Votre comptabilit\u00e9 \u00e0 partir de 180\u20ac HT\/mois !!Les 3 premiers mois sont offerts!! Nous prenons en charge vos \u00e9ventuels frais de r\u00e9siliation Notre engagement envers votre croissance Chez FMR Expert, nous nous engageons \u00e0 guider les travailleurs ind\u00e9pendants et les entreprises vers le succ\u00e8s. En tant que partenaire strat\u00e9gique, nous nous engageons \u00e0 r\u00e9pondre \u00e0 [&hellip;]<\/p>\n","protected":false},"author":1,"featured_media":0,"parent":0,"menu_order":0,"comment_status":"closed","ping_status":"closed","template":"","meta":{"footnotes":""},"_links":{"self":[{"href":"https:\/\/fmrexpert.fr\/index.php\/wp-json\/wp\/v2\/pages\/12"}],"collection":[{"href":"https:\/\/fmrexpert.fr\/index.php\/wp-json\/wp\/v2\/pages"}],"about":[{"href":"https:\/\/fmrexpert.fr\/index.php\/wp-json\/wp\/v2\/types\/page"}],"author":[{"embeddable":true,"href":"https:\/\/fmrexpert.fr\/index.php\/wp-json\/wp\/v2\/users\/1"}],"replies":[{"embeddable":true,"href":"https:\/\/fmrexpert.fr\/index.php\/wp-json\/wp\/v2\/comments?post=12"}],"version-history":[{"count":19,"href":"https:\/\/fmrexpert.fr\/index.php\/wp-json\/wp\/v2\/pages\/12\/revisions"}],"predecessor-version":[{"id":238,"href":"https:\/\/fmrexpert.fr\/index.php\/wp-json\/wp\/v2\/pages\/12\/revisions\/238"}],"wp:attachment":[{"href":"https:\/\/fmrexpert.fr\/index.php\/wp-json\/wp\/v2\/media?parent=12"}],"curies":[{"name":"wp","href":"https:\/\/api.w.org\/{rel}","templated":true}]}}