{"id":18,"date":"2024-03-05T23:48:32","date_gmt":"2024-03-05T22:48:32","guid":{"rendered":"https:\/\/fmrexpert.fr\/?page_id=18"},"modified":"2024-03-15T11:19:56","modified_gmt":"2024-03-15T10:19:56","slug":"professions-medicales","status":"publish","type":"page","link":"https:\/\/fmrexpert.fr\/index.php\/professions-medicales\/","title":{"rendered":"Professions m\u00e9dicales"},"content":{"rendered":"\n<div class=\"wp-block-cover alignfull\" style=\"margin-top:0;margin-bottom:0;padding-top:0px;padding-bottom:80px;min-height:300px\"><span aria-hidden=\"true\" class=\"wp-block-cover__background has-background-dim-40 has-background-dim\" style=\"background-color:#191818\"><\/span><img loading=\"lazy\" decoding=\"async\" width=\"2560\" height=\"1706\" class=\"wp-block-cover__image-background wp-image-103\" alt=\"\" src=\"https:\/\/fmrexpert.fr\/wp-content\/uploads\/2024\/03\/patty-brito-Y-3Dt0us7e0-unsplash-scaled.jpg\" data-object-fit=\"cover\" srcset=\"https:\/\/fmrexpert.fr\/wp-content\/uploads\/2024\/03\/patty-brito-Y-3Dt0us7e0-unsplash-scaled.jpg 2560w, https:\/\/fmrexpert.fr\/wp-content\/uploads\/2024\/03\/patty-brito-Y-3Dt0us7e0-unsplash-300x200.jpg 300w, https:\/\/fmrexpert.fr\/wp-content\/uploads\/2024\/03\/patty-brito-Y-3Dt0us7e0-unsplash-1024x683.jpg 1024w, https:\/\/fmrexpert.fr\/wp-content\/uploads\/2024\/03\/patty-brito-Y-3Dt0us7e0-unsplash-768x512.jpg 768w, https:\/\/fmrexpert.fr\/wp-content\/uploads\/2024\/03\/patty-brito-Y-3Dt0us7e0-unsplash-1536x1024.jpg 1536w, https:\/\/fmrexpert.fr\/wp-content\/uploads\/2024\/03\/patty-brito-Y-3Dt0us7e0-unsplash-2048x1365.jpg 2048w\" sizes=\"(max-width: 2560px) 100vw, 2560px\" \/><div class=\"wp-block-cover__inner-container has-global-padding is-layout-constrained wp-container-core-cover-layout-1 wp-block-cover-is-layout-constrained\">\n<div style=\"height:150px\" aria-hidden=\"true\" class=\"wp-block-spacer\"><\/div>\n\n\n\n<h1 class=\"wp-block-heading has-text-align-center has-text-color has-link-color has-suranna-font-family wp-elements-846954dae71da1cefc94aaf17c573e3d\" style=\"color:#ffffff;font-size:clamp(17.371px, 1.086rem + ((1vw - 3.2px) * 1.094), 27px);font-style:normal;font-weight:500\">Notre entreprise se concentre sur le soutien des professions m\u00e9dicales, car vos activit\u00e9s nous touchent particuli\u00e8rement.<\/h1>\n<\/div><\/div>\n\n\n\n<div class=\"wp-block-group alignfull has-background has-global-padding is-layout-constrained wp-block-group-is-layout-constrained\" style=\"background-color:#fff3ea;margin-top:0px;margin-bottom:0px;padding-top:70px;padding-right:20px;padding-bottom:70px;padding-left:20px\">\n<h2 class=\"wp-block-heading has-text-align-center has-text-color has-link-color wp-elements-71841e31f5ee79a10fb769af2bfbdd76\" style=\"color:#bb2727;font-size:clamp(17.905px, 1.119rem + ((1vw - 3.2px) * 1.147), 28px);\"><strong>Votre comptabilit\u00e9 \u00e0 partir de 180\u20ac HT\/mois<\/strong><\/h2>\n\n\n\n<p class=\"has-text-align-center\" style=\"font-size:clamp(17.371px, 1.086rem + ((1vw - 3.2px) * 1.094), 27px);\">!!<strong>Les 3 premiers mois sont offerts<\/strong>!!<\/p>\n\n\n\n<h2 class=\"wp-block-heading has-text-align-center has-text-color has-link-color has-medium-font-size wp-elements-b15cf403ee9c8e065aa3d48adc0785e2\" style=\"color:#bb2727\">Nous prenons en charge vos \u00e9ventuels frais de r\u00e9siliation<\/h2>\n<\/div>\n\n\n\n<div class=\"wp-block-group alignfull has-global-padding is-layout-constrained wp-container-core-group-layout-3 wp-block-group-is-layout-constrained\">\n<div class=\"wp-block-group alignwide has-global-padding is-layout-constrained wp-container-core-group-layout-2 wp-block-group-is-layout-constrained\" style=\"margin-top:0;margin-bottom:0;padding-top:100px;padding-bottom:100px\">\n<div class=\"wp-block-columns is-layout-flex wp-container-core-columns-layout-1 wp-block-columns-is-layout-flex\">\n<div class=\"wp-block-column is-layout-flow wp-block-column-is-layout-flow\">\n<figure class=\"wp-block-image alignleft size-full is-resized\"><img loading=\"lazy\" decoding=\"async\" width=\"1707\" height=\"2560\" src=\"https:\/\/fmrexpert.fr\/wp-content\/uploads\/2024\/03\/ashkan-forouzani-ignxm3E1Rg4-unsplash-scaled.jpg\" alt=\"\" class=\"wp-image-106\" style=\"width:473px;height:auto\" srcset=\"https:\/\/fmrexpert.fr\/wp-content\/uploads\/2024\/03\/ashkan-forouzani-ignxm3E1Rg4-unsplash-scaled.jpg 1707w, https:\/\/fmrexpert.fr\/wp-content\/uploads\/2024\/03\/ashkan-forouzani-ignxm3E1Rg4-unsplash-200x300.jpg 200w, https:\/\/fmrexpert.fr\/wp-content\/uploads\/2024\/03\/ashkan-forouzani-ignxm3E1Rg4-unsplash-683x1024.jpg 683w, https:\/\/fmrexpert.fr\/wp-content\/uploads\/2024\/03\/ashkan-forouzani-ignxm3E1Rg4-unsplash-768x1152.jpg 768w, https:\/\/fmrexpert.fr\/wp-content\/uploads\/2024\/03\/ashkan-forouzani-ignxm3E1Rg4-unsplash-1024x1536.jpg 1024w, https:\/\/fmrexpert.fr\/wp-content\/uploads\/2024\/03\/ashkan-forouzani-ignxm3E1Rg4-unsplash-1365x2048.jpg 1365w\" sizes=\"(max-width: 1707px) 100vw, 1707px\" \/><\/figure>\n<\/div>\n\n\n\n<div class=\"wp-block-column is-vertically-aligned-center has-global-padding is-content-justification-left is-layout-constrained wp-container-core-column-layout-2 wp-block-column-is-layout-constrained\">\n<h3 class=\"wp-block-heading has-text-align-left has-text-color has-suranna-font-family\" style=\"color:#000000;margin-top:0.5rem;margin-bottom:0rem;font-size:clamp(24.034px, 1.502rem + ((1vw - 3.2px) * 1.814), 40px);font-style:normal;font-weight:500;letter-spacing:0px;line-height:1.3\">Gestion Comptable<\/h3>\n\n\n\n<hr class=\"wp-block-separator has-alpha-channel-opacity\"\/>\n\n\n\n<p class=\"has-text-color has-link-color has-pontano-sans-font-family wp-elements-40e69848dd95f497f6a3757888daea4b\" style=\"color:#000000;font-size:clamp(14px, 0.875rem + ((1vw - 3.2px) * 0.455), 18px);\">Notre service de gestion comptable est con\u00e7u sur mesure pour r\u00e9pondre aux besoins sp\u00e9cifiques des professionnels de la sant\u00e9.<\/p>\n\n\n\n<p class=\"has-text-color has-link-color has-pontano-sans-font-family wp-elements-161364fa225f134c08418bb2cb81962a\" style=\"color:#000000;font-size:clamp(14px, 0.875rem + ((1vw - 3.2px) * 0.455), 18px);\">Nous nous occupons de l\u02bcint\u00e9gralit\u00e9 de vos obligations comptables, vous permettant de vous concentrer pleinement sur votre activit\u00e9 professionnelle.<\/p>\n\n\n\n<p class=\"has-text-color has-link-color has-pontano-sans-font-family wp-elements-c2d2e4bec92085a08e0f455dbf91faf6\" style=\"color:#000000;font-size:clamp(14px, 0.875rem + ((1vw - 3.2px) * 0.455), 18px);\">Notre expertise vous permet de g\u00e9rer judicieusement votre tr\u00e9sorerie et d\u02bcanticiper vos charges sociales, vous offrant ainsi une tranquillit\u00e9 d\u02bcesprit inestimable.<\/p>\n\n\n\n<p class=\"has-text-color has-link-color has-pontano-sans-font-family wp-elements-5ddf4d54e956b416a72191c0fe9edc6e\" style=\"color:#000000;font-size:clamp(14px, 0.875rem + ((1vw - 3.2px) * 0.455), 18px);\">Au-del\u00e0 de la simple gestion comptable, nos services offrent des conseils personnalis\u00e9s et une multitude de services \u00e0 forte valeur ajout\u00e9e pour vous permettre de prosp\u00e9rer dans votre pratique m\u00e9dicale.<\/p>\n\n\n\n<p class=\"has-text-color has-link-color has-pontano-sans-font-family wp-elements-f20940663e01d7db433fa7f6fb7cf130\" style=\"color:#000000;font-size:clamp(14px, 0.875rem + ((1vw - 3.2px) * 0.455), 18px);\">D\u00e9couvrez comment notre \u00e9quipe d\u00e9vou\u00e9e peut vous aider \u00e0 maximiser votre r\u00e9mun\u00e9ration et \u00e0 atteindre vos objectifs financiers.<\/p>\n\n\n\n<div class=\"wp-block-buttons is-horizontal is-content-justification-left is-layout-flex wp-container-core-buttons-layout-1 wp-block-buttons-is-layout-flex\" style=\"margin-top:20px\"><\/div>\n<\/div>\n<\/div>\n<\/div>\n<\/div>\n\n\n\n<div class=\"wp-block-group alignfull has-global-padding is-layout-constrained wp-container-core-group-layout-5 wp-block-group-is-layout-constrained\">\n<div class=\"wp-block-group alignwide has-global-padding is-layout-constrained wp-container-core-group-layout-4 wp-block-group-is-layout-constrained\" style=\"margin-top:0;margin-bottom:0;padding-bottom:100px\">\n<div class=\"wp-block-columns is-layout-flex wp-container-core-columns-layout-2 wp-block-columns-is-layout-flex\">\n<div class=\"wp-block-column is-vertically-aligned-center has-global-padding is-content-justification-left is-layout-constrained wp-container-core-column-layout-3 wp-block-column-is-layout-constrained\">\n<h3 class=\"wp-block-heading has-text-align-left has-text-color has-suranna-font-family\" style=\"color:#000000;margin-top:0.5rem;margin-bottom:0rem;font-size:clamp(24.034px, 1.502rem + ((1vw - 3.2px) * 1.814), 40px);font-style:normal;font-weight:500;letter-spacing:0px;line-height:1.3\">Optimisation fiscale<\/h3>\n\n\n\n<hr class=\"wp-block-separator has-alpha-channel-opacity\"\/>\n\n\n\n<p class=\"has-text-color has-link-color has-pontano-sans-font-family wp-elements-721d67ca4a64d0fe6765d3c5dcb08741\" style=\"color:#000000;font-size:clamp(14px, 0.875rem + ((1vw - 3.2px) * 0.455), 18px);\">Notre service d\u02bcoptimisation fiscale est con\u00e7u pour minimiser vos imp\u00f4ts tout en respectant toutes les r\u00e9glementations en vigueur.<\/p>\n\n\n\n<p class=\"has-text-color has-link-color has-pontano-sans-font-family wp-elements-3532bdd07eff18bcba0f5cc31fc71cff\" style=\"color:#000000;font-size:clamp(14px, 0.875rem + ((1vw - 3.2px) * 0.455), 18px);\">Nous travaillons en \u00e9troite collaboration avec vous pour identifier les opportunit\u00e9s fiscales et mettre en place des strat\u00e9gies efficaces pour maximiser vos avantages financiers.<\/p>\n\n\n\n<p class=\"has-text-color has-link-color has-pontano-sans-font-family wp-elements-e4e4f885e5c60d8cde705daae8c0ba4f\" style=\"color:#000000;font-size:clamp(14px, 0.875rem + ((1vw - 3.2px) * 0.455), 18px);\">Notre \u00e9quipe d\u02bcexperts vous aide \u00e0 optimiser votre situation fiscale afin que vous puissiez investir davantage dans votre entreprise et atteindre vos objectifs financiers \u00e0 long terme.<\/p>\n\n\n\n<p class=\"has-text-color has-link-color has-pontano-sans-font-family wp-elements-ec977752066bf1c788740662551a5d8c\" style=\"color:#000000;font-size:clamp(14px, 0.875rem + ((1vw - 3.2px) * 0.455), 18px);\">Avec notre approche proactive et notre compr\u00e9hension approfondie des lois fiscales, nous vous offrons des conseils personnalis\u00e9s pour maximiser vos \u00e9conomies d\u02bcimp\u00f4ts de mani\u00e8re l\u00e9gale et \u00e9thique.<\/p>\n\n\n\n<p class=\"has-text-color has-link-color has-pontano-sans-font-family wp-elements-3996d6593960662a13bba7ec451c1fd6\" style=\"color:#000000;font-size:clamp(14px, 0.875rem + ((1vw - 3.2px) * 0.455), 18px);\">D\u00e9couvrez comment notre \u00e9quipe peut vous aider \u00e0 optimiser votre situation fiscale et \u00e0 lib\u00e9rer des ressources financi\u00e8res pour faire cro\u00eetre votre pratique.<\/p>\n\n\n\n<div class=\"wp-block-buttons is-horizontal is-content-justification-left is-layout-flex wp-container-core-buttons-layout-2 wp-block-buttons-is-layout-flex\" style=\"margin-top:20px\"><\/div>\n<\/div>\n\n\n\n<div class=\"wp-block-column is-layout-flow wp-block-column-is-layout-flow\">\n<figure class=\"wp-block-image alignright size-full\"><img loading=\"lazy\" decoding=\"async\" width=\"2048\" height=\"2560\" src=\"https:\/\/fmrexpert.fr\/wp-content\/uploads\/2024\/03\/owen-beard-DK8jXx1B-1c-unsplash-scaled.jpg\" alt=\"\" class=\"wp-image-107\" style=\"aspect-ratio:4\/3;object-fit:cover\" srcset=\"https:\/\/fmrexpert.fr\/wp-content\/uploads\/2024\/03\/owen-beard-DK8jXx1B-1c-unsplash-scaled.jpg 2048w, https:\/\/fmrexpert.fr\/wp-content\/uploads\/2024\/03\/owen-beard-DK8jXx1B-1c-unsplash-240x300.jpg 240w, https:\/\/fmrexpert.fr\/wp-content\/uploads\/2024\/03\/owen-beard-DK8jXx1B-1c-unsplash-819x1024.jpg 819w, https:\/\/fmrexpert.fr\/wp-content\/uploads\/2024\/03\/owen-beard-DK8jXx1B-1c-unsplash-768x960.jpg 768w, https:\/\/fmrexpert.fr\/wp-content\/uploads\/2024\/03\/owen-beard-DK8jXx1B-1c-unsplash-1229x1536.jpg 1229w, https:\/\/fmrexpert.fr\/wp-content\/uploads\/2024\/03\/owen-beard-DK8jXx1B-1c-unsplash-1638x2048.jpg 1638w\" sizes=\"(max-width: 2048px) 100vw, 2048px\" \/><\/figure>\n<\/div>\n<\/div>\n<\/div>\n<\/div>\n\n\n\n<div class=\"wp-block-group alignfull has-global-padding is-layout-constrained wp-container-core-group-layout-7 wp-block-group-is-layout-constrained\">\n<div class=\"wp-block-group alignwide has-global-padding is-layout-constrained wp-container-core-group-layout-6 wp-block-group-is-layout-constrained\" style=\"margin-top:0;margin-bottom:0;padding-bottom:100px\">\n<div class=\"wp-block-columns is-layout-flex wp-container-core-columns-layout-3 wp-block-columns-is-layout-flex\">\n<div class=\"wp-block-column is-layout-flow wp-block-column-is-layout-flow\">\n<figure class=\"wp-block-image alignleft size-full is-resized\"><img loading=\"lazy\" decoding=\"async\" width=\"2560\" height=\"1440\" src=\"https:\/\/fmrexpert.fr\/wp-content\/uploads\/2024\/03\/online-marketing-hIgeoQjS_iE-unsplash-scaled.jpg\" alt=\"\" class=\"wp-image-108\" style=\"aspect-ratio:1.3333333333333333;object-fit:cover;width:429px;height:auto\" srcset=\"https:\/\/fmrexpert.fr\/wp-content\/uploads\/2024\/03\/online-marketing-hIgeoQjS_iE-unsplash-scaled.jpg 2560w, https:\/\/fmrexpert.fr\/wp-content\/uploads\/2024\/03\/online-marketing-hIgeoQjS_iE-unsplash-300x169.jpg 300w, https:\/\/fmrexpert.fr\/wp-content\/uploads\/2024\/03\/online-marketing-hIgeoQjS_iE-unsplash-1024x576.jpg 1024w, https:\/\/fmrexpert.fr\/wp-content\/uploads\/2024\/03\/online-marketing-hIgeoQjS_iE-unsplash-768x432.jpg 768w, https:\/\/fmrexpert.fr\/wp-content\/uploads\/2024\/03\/online-marketing-hIgeoQjS_iE-unsplash-1536x864.jpg 1536w, https:\/\/fmrexpert.fr\/wp-content\/uploads\/2024\/03\/online-marketing-hIgeoQjS_iE-unsplash-2048x1152.jpg 2048w\" sizes=\"(max-width: 2560px) 100vw, 2560px\" \/><\/figure>\n\n\n\n<figure class=\"wp-block-image size-large is-resized\"><img loading=\"lazy\" decoding=\"async\" width=\"1024\" height=\"683\" src=\"https:\/\/fmrexpert.fr\/wp-content\/uploads\/2024\/03\/national-cancer-institute-NFvdKIhxYlU-unsplash-1024x683.jpg\" alt=\"\" class=\"wp-image-110\" style=\"aspect-ratio:1.3333333333333333;object-fit:cover;width:429px;height:auto\" srcset=\"https:\/\/fmrexpert.fr\/wp-content\/uploads\/2024\/03\/national-cancer-institute-NFvdKIhxYlU-unsplash-1024x683.jpg 1024w, https:\/\/fmrexpert.fr\/wp-content\/uploads\/2024\/03\/national-cancer-institute-NFvdKIhxYlU-unsplash-300x200.jpg 300w, https:\/\/fmrexpert.fr\/wp-content\/uploads\/2024\/03\/national-cancer-institute-NFvdKIhxYlU-unsplash-768x512.jpg 768w, https:\/\/fmrexpert.fr\/wp-content\/uploads\/2024\/03\/national-cancer-institute-NFvdKIhxYlU-unsplash-1536x1024.jpg 1536w, https:\/\/fmrexpert.fr\/wp-content\/uploads\/2024\/03\/national-cancer-institute-NFvdKIhxYlU-unsplash-2048x1365.jpg 2048w\" sizes=\"(max-width: 1024px) 100vw, 1024px\" \/><\/figure>\n<\/div>\n\n\n\n<div class=\"wp-block-column is-vertically-aligned-center has-global-padding is-content-justification-left is-layout-constrained wp-container-core-column-layout-6 wp-block-column-is-layout-constrained\">\n<h3 class=\"wp-block-heading has-text-align-left has-text-color has-suranna-font-family\" style=\"color:#000000;margin-top:0.5rem;margin-bottom:0rem;font-size:clamp(24.034px, 1.502rem + ((1vw - 3.2px) * 1.814), 40px);font-style:normal;font-weight:500;letter-spacing:0px;line-height:1.3\">Conseils personnalis\u00e9s<\/h3>\n\n\n\n<hr class=\"wp-block-separator has-alpha-channel-opacity\"\/>\n\n\n\n<p class=\"has-text-color has-link-color has-pontano-sans-font-family wp-elements-37c5a531cd57f7ff10cf3867be6b8e1e\" style=\"color:#000000;font-size:clamp(14px, 0.875rem + ((1vw - 3.2px) * 0.455), 18px);\">Nos conseils personnalis\u00e9s vont au-del\u00e0 de la simple gestion comptable pour vous offrir un accompagnement sur mesure dans la croissance et la gestion financi\u00e8re de votre pratique m\u00e9dicale.<\/p>\n\n\n\n<p class=\"has-text-color has-link-color has-pontano-sans-font-family wp-elements-fc1d71716c90365a8517034a9f59b6a8\" style=\"color:#000000;font-size:clamp(14px, 0.875rem + ((1vw - 3.2px) * 0.455), 18px);\">Nous comprenons les d\u00e9fis sp\u00e9cifiques auxquels sont confront\u00e9s les professionnels de la sant\u00e9 et nous vous offrons des conseils strat\u00e9giques pour optimiser vos finances, g\u00e9rer vos investissements et planifier votre retraite.<\/p>\n\n\n\n<p class=\"has-text-color has-link-color has-pontano-sans-font-family wp-elements-6fb182beffb4a8ec2f1e6af4857a1b60\" style=\"color:#000000;font-size:clamp(14px, 0.875rem + ((1vw - 3.2px) * 0.455), 18px);\">Notre \u00e9quipe d\u02bcexperts est d\u00e9di\u00e9e \u00e0 vous fournir des recommandations personnalis\u00e9es pour maximiser vos revenus, minimiser les risques financiers et assurer la p\u00e9rennit\u00e9 de votre activit\u00e9 m\u00e9dicale.<\/p>\n\n\n\n<p class=\"has-text-color has-link-color has-pontano-sans-font-family wp-elements-e9a9728d1ffe0d01be818d6161e95e2e\" style=\"color:#000000;font-size:clamp(14px, 0.875rem + ((1vw - 3.2px) * 0.455), 18px);\">Avec notre approche proactive et notre expertise pointue, nous vous aidons \u00e0 prendre des d\u00e9cisions financi\u00e8res \u00e9clair\u00e9es pour assurer la croissance durable de votre pratique m\u00e9dicale.<\/p>\n\n\n\n<p class=\"has-text-color has-link-color has-pontano-sans-font-family wp-elements-42967426d15a0729f20fddce971ab315\" style=\"color:#000000;font-size:clamp(14px, 0.875rem + ((1vw - 3.2px) * 0.455), 18px);\">D\u00e9couvrez comment nos conseils personnalis\u00e9s peuvent vous aider \u00e0 atteindre vos objectifs financiers et professionnels. <\/p>\n\n\n\n<div class=\"wp-block-buttons is-horizontal is-content-justification-left is-layout-flex wp-container-core-buttons-layout-3 wp-block-buttons-is-layout-flex\" style=\"margin-top:20px\"><\/div>\n<\/div>\n<\/div>\n<\/div>\n<\/div>\n\n\n\n<div class=\"wp-block-group alignfull has-background has-global-padding is-layout-constrained wp-block-group-is-layout-constrained\" style=\"background-color:#fcf9f5;margin-top:0;margin-bottom:0;padding-top:6rem;padding-right:1rem;padding-bottom:4rem;padding-left:1rem\">\n<div class=\"wp-block-group alignwide has-global-padding is-layout-constrained wp-block-group-is-layout-constrained\" style=\"padding-bottom:2rem\">\n<h2 class=\"wp-block-heading has-text-align-center has-text-color\" style=\"color:#3e3e3e;font-size:clamp(1.453rem, 1.453rem + ((1vw - 0.2rem) * 1.722), 2.4rem);font-style:normal;font-weight:400;text-transform:capitalize\">Notre expertise, votre avantage<font _mstmutation=\"1\"><\/font><\/h2>\n<\/div>\n\n\n\n<div class=\"wp-block-group alignwide has-global-padding is-layout-constrained wp-container-core-group-layout-9 wp-block-group-is-layout-constrained\">\n<div class=\"wp-block-columns alignwide is-layout-flex wp-container-core-columns-layout-4 wp-block-columns-is-layout-flex\">\n<div class=\"wp-block-column is-layout-flow wp-container-core-column-layout-7 wp-block-column-is-layout-flow\" style=\"padding-right:1rem;padding-bottom:2rem;padding-left:1rem\">\n<h3 class=\"wp-block-heading has-text-align-center has-text-color has-link-color wp-elements-e32c8490e02188116a03d86ea7b18924\" style=\"color:#3e3e3e;font-size:clamp(1.502rem, 1.502rem + ((1vw - 0.2rem) * 1.815), 2.5rem);font-style:normal;font-weight:400\"><font _mstmutation=\"1\" _msttexthash=\"4459\" _msthash=\"670\">1<\/font><font _mstmutation=\"1\" _msttexthash=\"9360\" _msthash=\"672\">0<\/font>0<font _mstmutation=\"1\"><\/font><\/h3>\n\n\n\n<p class=\"has-text-align-center\"><strong>Partenaire strat\u00e9gique<\/strong><font _mstmutation=\"1\"><\/font><\/p>\n\n\n\n<p class=\"has-text-align-center has-text-color has-link-color wp-elements-ffe68da6a31c8289eb38d2ff398102f8\" style=\"color:#3e3e3e;font-size:clamp(0.875rem, 0.875rem + ((1vw - 0.2rem) * 0.464), 1.13rem);\"><font _mstmutation=\"1\" _msttexthash=\"3278171\" _msthash=\"1262\">Plus de 100 clients nous font d\u00e9j\u00e0 confiance dans la r\u00e9gion marseillaise<\/font><font _mstmutation=\"1\"><\/font><\/p>\n<\/div>\n\n\n\n<div class=\"wp-block-column is-layout-flow wp-container-core-column-layout-8 wp-block-column-is-layout-flow\" style=\"padding-right:1rem;padding-bottom:2rem;padding-left:1rem\">\n<h3 class=\"wp-block-heading has-text-align-center has-text-color has-link-color wp-elements-e632081da125136da332f378b4b26664\" style=\"color:#3e3e3e;font-size:clamp(1.502rem, 1.502rem + ((1vw - 0.2rem) * 1.815), 2.5rem);font-style:normal;font-weight:400\">24\/7<\/h3>\n\n\n\n<h3 class=\"wp-block-heading has-text-align-center has-text-color has-link-color wp-elements-e72348faf3c0166a6139117c5433a731\" style=\"color:#3e3e3e;font-size:clamp(0.875rem, 0.875rem + ((1vw - 0.2rem) * 0.773), 1.3rem);font-style:normal;font-weight:500\"><strong>Disponibilit\u00e9<\/strong><\/h3>\n\n\n\n<p class=\"has-text-align-center has-text-color has-link-color wp-elements-214201871478f5599c8a33a85f906910\" style=\"color:#3e3e3e;font-size:clamp(0.875rem, 0.875rem + ((1vw - 0.2rem) * 0.464), 1.13rem);\">Acc\u00e9dez \u00e0 notre assistance 24h\/24 et 7j\/7 pour des conseils d\u2019experts et des analyses pr\u00e9cises pour vous aider \u00e0 prendre des d\u00e9cisions.<\/p>\n<\/div>\n\n\n\n<div class=\"wp-block-column is-layout-flow wp-container-core-column-layout-9 wp-block-column-is-layout-flow\" style=\"padding-right:1rem;padding-bottom:2rem;padding-left:1rem\">\n<h3 class=\"wp-block-heading has-text-align-center has-text-color has-link-color wp-elements-31f0666618d66cc4d4ce4c103340c247\" style=\"color:#3e3e3e;font-size:clamp(1.502rem, 1.502rem + ((1vw - 0.2rem) * 1.815), 2.5rem);font-style:normal;font-weight:400\">100%<\/h3>\n\n\n\n<h3 class=\"wp-block-heading has-text-align-center has-text-color has-link-color wp-elements-991deb8992e812025ce3d8d927ae1bfe\" style=\"color:#3e3e3e;font-size:clamp(0.875rem, 0.875rem + ((1vw - 0.2rem) * 0.773), 1.3rem);font-style:normal;font-weight:500\"><strong>Ressource fiable<\/strong><\/h3>\n\n\n\n<p class=\"has-text-align-center has-text-color has-link-color wp-elements-8fa3112bafeca0b9f46fd69abefd6a7f\" style=\"color:#3e3e3e;font-size:clamp(0.875rem, 0.875rem + ((1vw - 0.2rem) * 0.464), 1.13rem);\">Fiez-vous \u00e0 notre engagement \u00e0 100 % pour soutenir le d\u00e9veloppement et la croissance de votre entreprise gr\u00e2ce \u00e0 une expertise fiable.<\/p>\n<\/div>\n<\/div>\n<\/div>\n<\/div>\n","protected":false},"excerpt":{"rendered":"<p>Votre comptabilit\u00e9 \u00e0 partir de 180\u20ac HT\/mois !!Les 3 premiers mois sont offerts!! Nous prenons en charge vos \u00e9ventuels frais de r\u00e9siliation Gestion Comptable Notre service de gestion comptable est con\u00e7u sur mesure pour r\u00e9pondre aux besoins sp\u00e9cifiques des professionnels de la sant\u00e9. Nous nous occupons de l\u02bcint\u00e9gralit\u00e9 de vos obligations comptables, vous permettant de [&hellip;]<\/p>\n","protected":false},"author":1,"featured_media":0,"parent":0,"menu_order":0,"comment_status":"closed","ping_status":"closed","template":"","meta":{"footnotes":""},"_links":{"self":[{"href":"https:\/\/fmrexpert.fr\/index.php\/wp-json\/wp\/v2\/pages\/18"}],"collection":[{"href":"https:\/\/fmrexpert.fr\/index.php\/wp-json\/wp\/v2\/pages"}],"about":[{"href":"https:\/\/fmrexpert.fr\/index.php\/wp-json\/wp\/v2\/types\/page"}],"author":[{"embeddable":true,"href":"https:\/\/fmrexpert.fr\/index.php\/wp-json\/wp\/v2\/users\/1"}],"replies":[{"embeddable":true,"href":"https:\/\/fmrexpert.fr\/index.php\/wp-json\/wp\/v2\/comments?post=18"}],"version-history":[{"count":17,"href":"https:\/\/fmrexpert.fr\/index.php\/wp-json\/wp\/v2\/pages\/18\/revisions"}],"predecessor-version":[{"id":240,"href":"https:\/\/fmrexpert.fr\/index.php\/wp-json\/wp\/v2\/pages\/18\/revisions\/240"}],"wp:attachment":[{"href":"https:\/\/fmrexpert.fr\/index.php\/wp-json\/wp\/v2\/media?parent=18"}],"curies":[{"name":"wp","href":"https:\/\/api.w.org\/{rel}","templated":true}]}}